{"id":1140,"date":"2022-01-18T23:03:59","date_gmt":"2022-01-18T23:03:59","guid":{"rendered":"https:\/\/wp.kolembar.de\/?post_type=product&#038;p=1140"},"modified":"2022-02-15T22:29:28","modified_gmt":"2022-02-15T22:29:28","slug":"eagle-standard-ticket-terminal","status":"publish","type":"product","link":"https:\/\/kolembar.de\/en\/product\/eagle-standard-ticket-terminal\/","title":{"rendered":"Eagle Standard"},"content":{"rendered":"<p>Diese Eagle Version ist f\u00fcr eine Vielzahl von IndoorAnwendungen geeignet. Sie verbindet ein attraktives Design mit einer qualitativ h\u00f6chstwertigen Ausf\u00fchrung. Der Eagle Standard ist der kleinste freistehende Kiosk in der Produktpalette und es ist m\u00f6glich viele der am meisten nachgefragten kleineren Peripherieger\u00e4te einzubauen. Ticket Terminal<span data-story-id=\"story_0941dc5c3460fe776c87c717e369352b\" data-room-id=\"room_d02b666f4fb4828f69e68400de6c84e9\" data-timestamp=\"1644652159883\" data-text=\"Ticketsystem\" data-userid=\"1382586179132338176\" data-orgid=\"1382586179132338177\">.<\/span><\/p>\n<p><a id=\"catalog-de\" class=\"catalog-button\" href=\"\/wp-content\/uploads\/2022\/01\/DE_Eagle-Standard_indoor.pdf\"> Produktkatalog ansehen <\/a><br \/>\n<a id=\"catalog-en\" class=\"catalog-button\" href=\"\/wp-content\/uploads\/2022\/01\/EN_Eagle-Standard_indoor.pdf\"> View Product Catalog <\/a><\/p>\n<p><a href=\"#specification_hash\">See Specifications<\/a><\/p>","protected":false},"excerpt":{"rendered":"<p>Diese Eagle Version ist f\u00fcr eine Vielzahl von IndoorAnwendungen geeignet. Sie verbindet ein attraktives Design mit einer qualitativ h\u00f6chstwertigen Ausf\u00fchrung. Der Eagle Standard ist der kleinste freistehende Kiosk in der Produktpalette und es ist m\u00f6glich viele der am meisten nachgefragten kleineren Peripherieger\u00e4te einzubauen. Ticket Terminal. Produktkatalog ansehen View Product Catalog Siehe Spezifikationen<\/p>","protected":false},"featured_media":883,"comment_status":"open","ping_status":"closed","template":"","meta":[],"product_cat":[48,32,25],"product_tag":[42],"class_list":["post-1140","product","type-product","status-publish","has-post-thumbnail","hentry","product_cat-indoor-kiosksisteme","product_cat-indoor-terminal","product_cat-kiosksysteme","product_tag-eagle"],"yoast_head":"<!-- This site is optimized with the Yoast SEO plugin v21.1 - https:\/\/yoast.com\/wordpress\/plugins\/seo\/ -->\n<title>Ticket Terminal - Eagle Standard - Kolembar Industrietechnik<\/title>\n<meta name=\"description\" content=\"Kiosk in der Produktpalette und es ist m\u00f6glich viele der am meisten nachgefragten kleineren Peripherieger\u00e4te einzubauen. Ticket Terminal...\" \/>\n<meta name=\"robots\" content=\"index, follow, max-snippet:-1, max-image-preview:large, max-video-preview:-1\" \/>\n<link rel=\"canonical\" href=\"https:\/\/kolembar.de\/en\/product\/eagle-standard-ticket-terminal\/\" \/>\n<meta property=\"og:locale\" content=\"en_US\" \/>\n<meta property=\"og:type\" content=\"article\" \/>\n<meta property=\"og:title\" content=\"Ticket Terminal - Eagle Standard - Kolembar Industrietechnik\" \/>\n<meta property=\"og:description\" content=\"Kiosk in der Produktpalette und es ist m\u00f6glich viele der am meisten nachgefragten kleineren Peripherieger\u00e4te einzubauen. Ticket Terminal...\" \/>\n<meta property=\"og:url\" content=\"https:\/\/kolembar.de\/en\/product\/eagle-standard-ticket-terminal\/\" \/>\n<meta property=\"og:site_name\" content=\"Kolembar Industrietechnik\" \/>\n<meta property=\"article:modified_time\" content=\"2022-02-15T22:29:28+00:00\" \/>\n<meta property=\"og:image\" content=\"https:\/\/kolembar.de\/wp-content\/uploads\/2022\/01\/eaglestandart-png.png\" \/>\n\t<meta property=\"og:image:width\" content=\"500\" \/>\n\t<meta property=\"og:image:height\" content=\"500\" \/>\n\t<meta property=\"og:image:type\" content=\"image\/png\" \/>\n<meta name=\"twitter:card\" content=\"summary_large_image\" \/>\n<meta name=\"twitter:label1\" content=\"Est. reading time\" \/>\n\t<meta name=\"twitter:data1\" content=\"1 minute\" \/>\n<script type=\"application\/ld+json\" class=\"yoast-schema-graph\">{\"@context\":\"https:\/\/schema.org\",\"@graph\":[{\"@type\":\"WebPage\",\"@id\":\"https:\/\/kolembar.de\/product\/eagle-standard-ticket-terminal\/\",\"url\":\"https:\/\/kolembar.de\/product\/eagle-standard-ticket-terminal\/\",\"name\":\"Ticket Terminal - Eagle Standard - Kolembar Industrietechnik\",\"isPartOf\":{\"@id\":\"https:\/\/kolembar.de\/#website\"},\"datePublished\":\"2022-01-18T23:03:59+00:00\",\"dateModified\":\"2022-02-15T22:29:28+00:00\",\"description\":\"Kiosk in der Produktpalette und es ist m\u00f6glich viele der am meisten nachgefragten kleineren Peripherieger\u00e4te einzubauen. Ticket Terminal...\",\"breadcrumb\":{\"@id\":\"https:\/\/kolembar.de\/product\/eagle-standard-ticket-terminal\/#breadcrumb\"},\"inLanguage\":\"en-US\",\"potentialAction\":[{\"@type\":\"ReadAction\",\"target\":[\"https:\/\/kolembar.de\/product\/eagle-standard-ticket-terminal\/\"]}]},{\"@type\":\"BreadcrumbList\",\"@id\":\"https:\/\/kolembar.de\/product\/eagle-standard-ticket-terminal\/#breadcrumb\",\"itemListElement\":[{\"@type\":\"ListItem\",\"position\":1,\"name\":\"Startseit\",\"item\":\"https:\/\/kolembar.de\/\"},{\"@type\":\"ListItem\",\"position\":2,\"name\":\"Shop\",\"item\":\"http:\/\/kolembar.de\/shop\/\"},{\"@type\":\"ListItem\",\"position\":3,\"name\":\"Kiosksysteme\",\"item\":\"http:\/\/kolembar.de\/category\/kiosksysteme\/\"},{\"@type\":\"ListItem\",\"position\":4,\"name\":\"Indoor Kiosksysteme\",\"item\":\"http:\/\/kolembar.de\/category\/kiosksysteme\/indoor-kiosksisteme\/\"},{\"@type\":\"ListItem\",\"position\":5,\"name\":\"Eagle Standard\"}]},{\"@type\":\"WebSite\",\"@id\":\"https:\/\/kolembar.de\/#website\",\"url\":\"https:\/\/kolembar.de\/\",\"name\":\"Kolembar Industrietechnik\",\"description\":\"Kolembar Industrietechnik ist Ihr Spezialist rund um das Thema Monitore und Kiosksysteme. Seit mehr als 20 Jahren beliefern wir unsere Kunden aus Handel und Industrie mit Standard-L\u00f6sungen, sowie auf Kundenwunsch gefertigten Systemen rund um die Themen Touchscreens, Schutzscheiben, Kiosksysteme und Industriemonitoren.\",\"publisher\":{\"@id\":\"https:\/\/kolembar.de\/#organization\"},\"potentialAction\":[{\"@type\":\"SearchAction\",\"target\":{\"@type\":\"EntryPoint\",\"urlTemplate\":\"https:\/\/kolembar.de\/?s={search_term_string}\"},\"query-input\":\"required name=search_term_string\"}],\"inLanguage\":\"en-US\"},{\"@type\":\"Organization\",\"@id\":\"https:\/\/kolembar.de\/#organization\",\"name\":\"Kolembar Industrietechnik\",\"url\":\"https:\/\/kolembar.de\/\",\"logo\":{\"@type\":\"ImageObject\",\"inLanguage\":\"en-US\",\"@id\":\"https:\/\/kolembar.de\/#\/schema\/logo\/image\/\",\"url\":\"https:\/\/kolembar.de\/wp-content\/uploads\/2021\/06\/logo.png\",\"contentUrl\":\"https:\/\/kolembar.de\/wp-content\/uploads\/2021\/06\/logo.png\",\"width\":311,\"height\":61,\"caption\":\"Kolembar Industrietechnik\"},\"image\":{\"@id\":\"https:\/\/kolembar.de\/#\/schema\/logo\/image\/\"}}]}<\/script>\n<!-- \/ Yoast SEO plugin. -->","yoast_head_json":{"title":"Ticket Terminal - Eagle Standard - Kolembar Industrietechnik","description":"Kiosk in der Produktpalette und es ist m\u00f6glich viele der am meisten nachgefragten kleineren Peripherieger\u00e4te einzubauen. Ticket Terminal...","robots":{"index":"index","follow":"follow","max-snippet":"max-snippet:-1","max-image-preview":"max-image-preview:large","max-video-preview":"max-video-preview:-1"},"canonical":"https:\/\/kolembar.de\/en\/product\/eagle-standard-ticket-terminal\/","og_locale":"en_US","og_type":"article","og_title":"Ticket Terminal - Eagle Standard - Kolembar Industrietechnik","og_description":"Kiosk in der Produktpalette und es ist m\u00f6glich viele der am meisten nachgefragten kleineren Peripherieger\u00e4te einzubauen. Ticket Terminal...","og_url":"https:\/\/kolembar.de\/en\/product\/eagle-standard-ticket-terminal\/","og_site_name":"Kolembar Industrietechnik","article_modified_time":"2022-02-15T22:29:28+00:00","og_image":[{"width":500,"height":500,"url":"https:\/\/kolembar.de\/wp-content\/uploads\/2022\/01\/eaglestandart-png.png","type":"image\/png"}],"twitter_card":"summary_large_image","twitter_misc":{"Est. reading time":"1 minute"},"schema":{"@context":"https:\/\/schema.org","@graph":[{"@type":"WebPage","@id":"https:\/\/kolembar.de\/product\/eagle-standard-ticket-terminal\/","url":"https:\/\/kolembar.de\/product\/eagle-standard-ticket-terminal\/","name":"Ticket Terminal - Eagle Standard - Kolembar Industrietechnik","isPartOf":{"@id":"https:\/\/kolembar.de\/#website"},"datePublished":"2022-01-18T23:03:59+00:00","dateModified":"2022-02-15T22:29:28+00:00","description":"Kiosk in der Produktpalette und es ist m\u00f6glich viele der am meisten nachgefragten kleineren Peripherieger\u00e4te einzubauen. Ticket Terminal...","breadcrumb":{"@id":"https:\/\/kolembar.de\/product\/eagle-standard-ticket-terminal\/#breadcrumb"},"inLanguage":"en-US","potentialAction":[{"@type":"ReadAction","target":["https:\/\/kolembar.de\/product\/eagle-standard-ticket-terminal\/"]}]},{"@type":"BreadcrumbList","@id":"https:\/\/kolembar.de\/product\/eagle-standard-ticket-terminal\/#breadcrumb","itemListElement":[{"@type":"ListItem","position":1,"name":"Startseit","item":"https:\/\/kolembar.de\/"},{"@type":"ListItem","position":2,"name":"Shop","item":"http:\/\/kolembar.de\/shop\/"},{"@type":"ListItem","position":3,"name":"Kiosksysteme","item":"http:\/\/kolembar.de\/category\/kiosksysteme\/"},{"@type":"ListItem","position":4,"name":"Indoor Kiosksysteme","item":"http:\/\/kolembar.de\/category\/kiosksysteme\/indoor-kiosksisteme\/"},{"@type":"ListItem","position":5,"name":"Eagle Standard"}]},{"@type":"WebSite","@id":"https:\/\/kolembar.de\/#website","url":"https:\/\/kolembar.de\/","name":"Kolembar Industrietechnik","description":"Kolembar Industrietechnik ist Ihr Spezialist rund um das Thema Monitore und Kiosksysteme. Seit mehr als 20 Jahren beliefern wir unsere Kunden aus Handel und Industrie mit Standard-L\u00f6sungen, sowie auf Kundenwunsch gefertigten Systemen rund um die Themen Touchscreens, Schutzscheiben, Kiosksysteme und Industriemonitoren.","publisher":{"@id":"https:\/\/kolembar.de\/#organization"},"potentialAction":[{"@type":"SearchAction","target":{"@type":"EntryPoint","urlTemplate":"https:\/\/kolembar.de\/?s={search_term_string}"},"query-input":"required name=search_term_string"}],"inLanguage":"en-US"},{"@type":"Organization","@id":"https:\/\/kolembar.de\/#organization","name":"Kolembar Industrietechnik","url":"https:\/\/kolembar.de\/","logo":{"@type":"ImageObject","inLanguage":"en-US","@id":"https:\/\/kolembar.de\/#\/schema\/logo\/image\/","url":"https:\/\/kolembar.de\/wp-content\/uploads\/2021\/06\/logo.png","contentUrl":"https:\/\/kolembar.de\/wp-content\/uploads\/2021\/06\/logo.png","width":311,"height":61,"caption":"Kolembar Industrietechnik"},"image":{"@id":"https:\/\/kolembar.de\/#\/schema\/logo\/image\/"}}]}},"_links":{"self":[{"href":"https:\/\/kolembar.de\/en\/wp-json\/wp\/v2\/product\/1140","targetHints":{"allow":["GET"]}}],"collection":[{"href":"https:\/\/kolembar.de\/en\/wp-json\/wp\/v2\/product"}],"about":[{"href":"https:\/\/kolembar.de\/en\/wp-json\/wp\/v2\/types\/product"}],"replies":[{"embeddable":true,"href":"https:\/\/kolembar.de\/en\/wp-json\/wp\/v2\/comments?post=1140"}],"wp:featuredmedia":[{"embeddable":true,"href":"https:\/\/kolembar.de\/en\/wp-json\/wp\/v2\/media\/883"}],"wp:attachment":[{"href":"https:\/\/kolembar.de\/en\/wp-json\/wp\/v2\/media?parent=1140"}],"wp:term":[{"taxonomy":"product_cat","embeddable":true,"href":"https:\/\/kolembar.de\/en\/wp-json\/wp\/v2\/product_cat?post=1140"},{"taxonomy":"product_tag","embeddable":true,"href":"https:\/\/kolembar.de\/en\/wp-json\/wp\/v2\/product_tag?post=1140"}],"curies":[{"name":"wp","href":"https:\/\/api.w.org\/{rel}","templated":true}]}}