{"id":1142,"date":"2022-01-18T23:11:52","date_gmt":"2022-01-18T23:11:52","guid":{"rendered":"https:\/\/wp.kolembar.de\/?post_type=product&#038;p=1142"},"modified":"2022-02-15T22:23:56","modified_gmt":"2022-02-15T22:23:56","slug":"eagle-magnum-self-service-terminal","status":"publish","type":"product","link":"https:\/\/kolembar.de\/en\/product\/eagle-magnum-self-service-terminal\/","title":{"rendered":"Eagle Magnum"},"content":{"rendered":"<p>Diese Eagle Version hat einen sicheren Mehrfach-VerschlussMechanismus f\u00fcr die Front-T\u00fcren und eine gr\u00f6\u00dfere, tiefere abnehmbare R\u00fcckwand. Durch diese Vergr\u00f6\u00dferung eignet sich der Eagle Magnum besonders f\u00fcr alle Bezahlapplikationen sowie f\u00fcr die Integration gr\u00f6\u00dferer Peripherieger\u00e4te. Au\u00dferdem ist der Eagle Magnum sicher genug ausgelegt, um unbeaufsichtigt betrieben werden zu k\u00f6nnen. Self-Service-Terminal.<\/p>\n<p><a id=\"catalog-de\" class=\"catalog-button\" href=\"\/wp-content\/uploads\/2022\/01\/DE_Eagle-Magnum_indoor.pdf\"> Produktkatalog ansehen <\/a><br \/>\n<a id=\"catalog-en\" class=\"catalog-button\" href=\"\/wp-content\/uploads\/2022\/01\/EN_Eagle-Magnum-1_indoor.pdf\"> View Product Catalog <\/a><\/p>\n<p><a href=\"#specification_hash\">See Specifications<\/a><\/p>","protected":false},"excerpt":{"rendered":"<p>Diese Eagle Version hat einen sicheren Mehrfach-VerschlussMechanismus f\u00fcr die Front-T\u00fcren und eine gr\u00f6\u00dfere, tiefere abnehmbare R\u00fcckwand. Durch diese Vergr\u00f6\u00dferung eignet sich der Eagle Magnum besonders f\u00fcr alle Bezahlapplikationen sowie f\u00fcr die Integration gr\u00f6\u00dferer Peripherieger\u00e4te. Au\u00dferdem ist der Eagle Magnum sicher genug ausgelegt, um unbeaufsichtigt betrieben werden zu k\u00f6nnen. Self-Service-Terminal. Produktkatalog ansehen View Product Catalog Siehe &hellip;<\/p>\n<p class=\"read-more\"> <a class=\"\" href=\"https:\/\/kolembar.de\/en\/product\/eagle-magnum-self-service-terminal\/\"> <span class=\"screen-reader-text\">Eagle Magnum<\/span> Read More &raquo;<\/a><\/p>","protected":false},"featured_media":1656,"comment_status":"open","ping_status":"closed","template":"","meta":[],"product_cat":[48,32,25],"product_tag":[42],"class_list":["post-1142","product","type-product","status-publish","has-post-thumbnail","hentry","product_cat-indoor-kiosksisteme","product_cat-indoor-terminal","product_cat-kiosksysteme","product_tag-eagle"],"yoast_head":"<!-- This site is optimized with the Yoast SEO plugin v21.1 - https:\/\/yoast.com\/wordpress\/plugins\/seo\/ -->\n<title>Self-Service-Terminal - Eagle Magnum - Kolembar Industrietechnik<\/title>\n<meta name=\"description\" content=\"Au\u00dferdem ist der Eagle Magnum sicher genug ausgelegt, um unbeaufsichtigt betrieben werden zu k\u00f6nnen. Self-Service-Terminal.\" \/>\n<meta name=\"robots\" content=\"index, follow, max-snippet:-1, max-image-preview:large, max-video-preview:-1\" \/>\n<link rel=\"canonical\" href=\"https:\/\/kolembar.de\/en\/product\/eagle-magnum-self-service-terminal\/\" \/>\n<meta property=\"og:locale\" content=\"en_US\" \/>\n<meta property=\"og:type\" content=\"article\" \/>\n<meta property=\"og:title\" content=\"Self-Service-Terminal - Eagle Magnum - Kolembar Industrietechnik\" \/>\n<meta property=\"og:description\" content=\"Au\u00dferdem ist der Eagle Magnum sicher genug ausgelegt, um unbeaufsichtigt betrieben werden zu k\u00f6nnen. Self-Service-Terminal.\" \/>\n<meta property=\"og:url\" content=\"https:\/\/kolembar.de\/en\/product\/eagle-magnum-self-service-terminal\/\" \/>\n<meta property=\"og:site_name\" content=\"Kolembar Industrietechnik\" \/>\n<meta property=\"article:modified_time\" content=\"2022-02-15T22:23:56+00:00\" \/>\n<meta property=\"og:image\" content=\"https:\/\/kolembar.de\/wp-content\/uploads\/2022\/01\/magnum1-500.png\" \/>\n\t<meta property=\"og:image:width\" content=\"500\" \/>\n\t<meta property=\"og:image:height\" content=\"500\" \/>\n\t<meta property=\"og:image:type\" content=\"image\/png\" \/>\n<meta name=\"twitter:card\" content=\"summary_large_image\" \/>\n<script type=\"application\/ld+json\" class=\"yoast-schema-graph\">{\"@context\":\"https:\/\/schema.org\",\"@graph\":[{\"@type\":\"WebPage\",\"@id\":\"https:\/\/kolembar.de\/product\/eagle-magnum-self-service-terminal\/\",\"url\":\"https:\/\/kolembar.de\/product\/eagle-magnum-self-service-terminal\/\",\"name\":\"Self-Service-Terminal - Eagle Magnum - Kolembar Industrietechnik\",\"isPartOf\":{\"@id\":\"https:\/\/kolembar.de\/#website\"},\"datePublished\":\"2022-01-18T23:11:52+00:00\",\"dateModified\":\"2022-02-15T22:23:56+00:00\",\"description\":\"Au\u00dferdem ist der Eagle Magnum sicher genug ausgelegt, um unbeaufsichtigt betrieben werden zu k\u00f6nnen. Self-Service-Terminal.\",\"breadcrumb\":{\"@id\":\"https:\/\/kolembar.de\/product\/eagle-magnum-self-service-terminal\/#breadcrumb\"},\"inLanguage\":\"en-US\",\"potentialAction\":[{\"@type\":\"ReadAction\",\"target\":[\"https:\/\/kolembar.de\/product\/eagle-magnum-self-service-terminal\/\"]}]},{\"@type\":\"BreadcrumbList\",\"@id\":\"https:\/\/kolembar.de\/product\/eagle-magnum-self-service-terminal\/#breadcrumb\",\"itemListElement\":[{\"@type\":\"ListItem\",\"position\":1,\"name\":\"Startseit\",\"item\":\"https:\/\/kolembar.de\/\"},{\"@type\":\"ListItem\",\"position\":2,\"name\":\"Shop\",\"item\":\"http:\/\/kolembar.de\/shop\/\"},{\"@type\":\"ListItem\",\"position\":3,\"name\":\"Kiosksysteme\",\"item\":\"http:\/\/kolembar.de\/category\/kiosksysteme\/\"},{\"@type\":\"ListItem\",\"position\":4,\"name\":\"Indoor Kiosksysteme\",\"item\":\"http:\/\/kolembar.de\/category\/kiosksysteme\/indoor-kiosksisteme\/\"},{\"@type\":\"ListItem\",\"position\":5,\"name\":\"Eagle Magnum\"}]},{\"@type\":\"WebSite\",\"@id\":\"https:\/\/kolembar.de\/#website\",\"url\":\"https:\/\/kolembar.de\/\",\"name\":\"Kolembar Industrietechnik\",\"description\":\"Kolembar Industrietechnik ist Ihr Spezialist rund um das Thema Monitore und Kiosksysteme. Seit mehr als 20 Jahren beliefern wir unsere Kunden aus Handel und Industrie mit Standard-L\u00f6sungen, sowie auf Kundenwunsch gefertigten Systemen rund um die Themen Touchscreens, Schutzscheiben, Kiosksysteme und Industriemonitoren.\",\"publisher\":{\"@id\":\"https:\/\/kolembar.de\/#organization\"},\"potentialAction\":[{\"@type\":\"SearchAction\",\"target\":{\"@type\":\"EntryPoint\",\"urlTemplate\":\"https:\/\/kolembar.de\/?s={search_term_string}\"},\"query-input\":\"required name=search_term_string\"}],\"inLanguage\":\"en-US\"},{\"@type\":\"Organization\",\"@id\":\"https:\/\/kolembar.de\/#organization\",\"name\":\"Kolembar Industrietechnik\",\"url\":\"https:\/\/kolembar.de\/\",\"logo\":{\"@type\":\"ImageObject\",\"inLanguage\":\"en-US\",\"@id\":\"https:\/\/kolembar.de\/#\/schema\/logo\/image\/\",\"url\":\"https:\/\/kolembar.de\/wp-content\/uploads\/2021\/06\/logo.png\",\"contentUrl\":\"https:\/\/kolembar.de\/wp-content\/uploads\/2021\/06\/logo.png\",\"width\":311,\"height\":61,\"caption\":\"Kolembar Industrietechnik\"},\"image\":{\"@id\":\"https:\/\/kolembar.de\/#\/schema\/logo\/image\/\"}}]}<\/script>\n<!-- \/ Yoast SEO plugin. -->","yoast_head_json":{"title":"Self-Service-Terminal - Eagle Magnum - Kolembar Industrietechnik","description":"Au\u00dferdem ist der Eagle Magnum sicher genug ausgelegt, um unbeaufsichtigt betrieben werden zu k\u00f6nnen. Self-Service-Terminal.","robots":{"index":"index","follow":"follow","max-snippet":"max-snippet:-1","max-image-preview":"max-image-preview:large","max-video-preview":"max-video-preview:-1"},"canonical":"https:\/\/kolembar.de\/en\/product\/eagle-magnum-self-service-terminal\/","og_locale":"en_US","og_type":"article","og_title":"Self-Service-Terminal - Eagle Magnum - Kolembar Industrietechnik","og_description":"Au\u00dferdem ist der Eagle Magnum sicher genug ausgelegt, um unbeaufsichtigt betrieben werden zu k\u00f6nnen. Self-Service-Terminal.","og_url":"https:\/\/kolembar.de\/en\/product\/eagle-magnum-self-service-terminal\/","og_site_name":"Kolembar Industrietechnik","article_modified_time":"2022-02-15T22:23:56+00:00","og_image":[{"width":500,"height":500,"url":"https:\/\/kolembar.de\/wp-content\/uploads\/2022\/01\/magnum1-500.png","type":"image\/png"}],"twitter_card":"summary_large_image","schema":{"@context":"https:\/\/schema.org","@graph":[{"@type":"WebPage","@id":"https:\/\/kolembar.de\/product\/eagle-magnum-self-service-terminal\/","url":"https:\/\/kolembar.de\/product\/eagle-magnum-self-service-terminal\/","name":"Self-Service-Terminal - Eagle Magnum - Kolembar Industrietechnik","isPartOf":{"@id":"https:\/\/kolembar.de\/#website"},"datePublished":"2022-01-18T23:11:52+00:00","dateModified":"2022-02-15T22:23:56+00:00","description":"Au\u00dferdem ist der Eagle Magnum sicher genug ausgelegt, um unbeaufsichtigt betrieben werden zu k\u00f6nnen. Self-Service-Terminal.","breadcrumb":{"@id":"https:\/\/kolembar.de\/product\/eagle-magnum-self-service-terminal\/#breadcrumb"},"inLanguage":"en-US","potentialAction":[{"@type":"ReadAction","target":["https:\/\/kolembar.de\/product\/eagle-magnum-self-service-terminal\/"]}]},{"@type":"BreadcrumbList","@id":"https:\/\/kolembar.de\/product\/eagle-magnum-self-service-terminal\/#breadcrumb","itemListElement":[{"@type":"ListItem","position":1,"name":"Startseit","item":"https:\/\/kolembar.de\/"},{"@type":"ListItem","position":2,"name":"Shop","item":"http:\/\/kolembar.de\/shop\/"},{"@type":"ListItem","position":3,"name":"Kiosksysteme","item":"http:\/\/kolembar.de\/category\/kiosksysteme\/"},{"@type":"ListItem","position":4,"name":"Indoor Kiosksysteme","item":"http:\/\/kolembar.de\/category\/kiosksysteme\/indoor-kiosksisteme\/"},{"@type":"ListItem","position":5,"name":"Eagle Magnum"}]},{"@type":"WebSite","@id":"https:\/\/kolembar.de\/#website","url":"https:\/\/kolembar.de\/","name":"Kolembar Industrietechnik","description":"Kolembar Industrietechnik ist Ihr Spezialist rund um das Thema Monitore und Kiosksysteme. Seit mehr als 20 Jahren beliefern wir unsere Kunden aus Handel und Industrie mit Standard-L\u00f6sungen, sowie auf Kundenwunsch gefertigten Systemen rund um die Themen Touchscreens, Schutzscheiben, Kiosksysteme und Industriemonitoren.","publisher":{"@id":"https:\/\/kolembar.de\/#organization"},"potentialAction":[{"@type":"SearchAction","target":{"@type":"EntryPoint","urlTemplate":"https:\/\/kolembar.de\/?s={search_term_string}"},"query-input":"required name=search_term_string"}],"inLanguage":"en-US"},{"@type":"Organization","@id":"https:\/\/kolembar.de\/#organization","name":"Kolembar Industrietechnik","url":"https:\/\/kolembar.de\/","logo":{"@type":"ImageObject","inLanguage":"en-US","@id":"https:\/\/kolembar.de\/#\/schema\/logo\/image\/","url":"https:\/\/kolembar.de\/wp-content\/uploads\/2021\/06\/logo.png","contentUrl":"https:\/\/kolembar.de\/wp-content\/uploads\/2021\/06\/logo.png","width":311,"height":61,"caption":"Kolembar Industrietechnik"},"image":{"@id":"https:\/\/kolembar.de\/#\/schema\/logo\/image\/"}}]}},"_links":{"self":[{"href":"https:\/\/kolembar.de\/en\/wp-json\/wp\/v2\/product\/1142","targetHints":{"allow":["GET"]}}],"collection":[{"href":"https:\/\/kolembar.de\/en\/wp-json\/wp\/v2\/product"}],"about":[{"href":"https:\/\/kolembar.de\/en\/wp-json\/wp\/v2\/types\/product"}],"replies":[{"embeddable":true,"href":"https:\/\/kolembar.de\/en\/wp-json\/wp\/v2\/comments?post=1142"}],"wp:featuredmedia":[{"embeddable":true,"href":"https:\/\/kolembar.de\/en\/wp-json\/wp\/v2\/media\/1656"}],"wp:attachment":[{"href":"https:\/\/kolembar.de\/en\/wp-json\/wp\/v2\/media?parent=1142"}],"wp:term":[{"taxonomy":"product_cat","embeddable":true,"href":"https:\/\/kolembar.de\/en\/wp-json\/wp\/v2\/product_cat?post=1142"},{"taxonomy":"product_tag","embeddable":true,"href":"https:\/\/kolembar.de\/en\/wp-json\/wp\/v2\/product_tag?post=1142"}],"curies":[{"name":"wp","href":"https:\/\/api.w.org\/{rel}","templated":true}]}}