{"id":1144,"date":"2022-01-18T23:25:52","date_gmt":"2022-01-18T23:25:52","guid":{"rendered":"https:\/\/wp.kolembar.de\/?post_type=product&#038;p=1144"},"modified":"2022-02-15T22:00:21","modified_gmt":"2022-02-15T22:00:21","slug":"outdoor-hawk-information-terminal","status":"publish","type":"product","link":"https:\/\/kolembar.de\/en\/product\/outdoor-hawk-information-terminal\/","title":{"rendered":"Hawk"},"content":{"rendered":"<p>Sein robuster Aufbau macht den Hawk zum idealen Kiosk f\u00fcr Outdoor-Anwendungen. Er ist bestens geeignet f\u00fcr Anwendungen in \u00f6ffentlichen Informationssystemen (<span data-story-id=\"story_0941dc5c3460fe776c87c717e369352b\" data-room-id=\"room_d02b666f4fb4828f69e68400de6c84e9\" data-timestamp=\"1644652159883\" data-text=\"Information Terminal\" data-userid=\"1382586179132338176\" data-orgid=\"1382586179132338177\">Information Terminal<\/span>), als Terminal f\u00fcr Touristen- und St\u00e4dte-Informationen und \u00e4hnliche Outdoor-Kiosk Anwendungen.<\/p>\n<p><a id=\"catalog-de\" class=\"catalog-button\" href=\"\/wp-content\/uploads\/2022\/01\/DE_Hawk-Outdoor.pdf\">Produktdetails als PDF anzeigen<\/a><\/p>","protected":false},"excerpt":{"rendered":"<p>Sein robuster Aufbau macht den Hawk zum idealen Kiosk f\u00fcr Outdoor-Anwendungen. Er ist bestens geeignet f\u00fcr Anwendungen in \u00f6ffentlichen Informationssystemen (Information Terminal), als Terminal f\u00fcr Touristen- und St\u00e4dte-Informationen und \u00e4hnliche Outdoor-Kiosk Anwendungen. Produktdetails als PDF anzeigen<\/p>","protected":false},"featured_media":1519,"comment_status":"open","ping_status":"closed","template":"","meta":[],"product_cat":[25,51,33],"product_tag":[46],"class_list":["post-1144","product","type-product","status-publish","has-post-thumbnail","hentry","product_cat-kiosksysteme","product_cat-outdoor-kiosksysteme","product_cat-outdoor-terminal","product_tag-hawk"],"yoast_head":"<!-- This site is optimized with the Yoast SEO plugin v21.1 - https:\/\/yoast.com\/wordpress\/plugins\/seo\/ -->\n<title>Information Terminal - Hawk - Kolembar Industrietechnik<\/title>\n<meta name=\"description\" content=\"Er ist bestens geeignet f\u00fcr Anwendungen in \u00f6ffentlichen Informationssystemen (Information Terminal), als Terminal f\u00fcr Touristen ...\" \/>\n<meta name=\"robots\" content=\"index, follow, max-snippet:-1, max-image-preview:large, max-video-preview:-1\" \/>\n<link rel=\"canonical\" href=\"https:\/\/kolembar.de\/en\/product\/outdoor-hawk-information-terminal\/\" \/>\n<meta property=\"og:locale\" content=\"en_US\" \/>\n<meta property=\"og:type\" content=\"article\" \/>\n<meta property=\"og:title\" content=\"Information Terminal - Hawk - Kolembar Industrietechnik\" \/>\n<meta property=\"og:description\" content=\"Er ist bestens geeignet f\u00fcr Anwendungen in \u00f6ffentlichen Informationssystemen (Information Terminal), als Terminal f\u00fcr Touristen ...\" \/>\n<meta property=\"og:url\" content=\"https:\/\/kolembar.de\/en\/product\/outdoor-hawk-information-terminal\/\" \/>\n<meta property=\"og:site_name\" content=\"Kolembar Industrietechnik\" \/>\n<meta property=\"article:modified_time\" content=\"2022-02-15T22:00:21+00:00\" \/>\n<meta property=\"og:image\" content=\"https:\/\/kolembar.de\/wp-content\/uploads\/2022\/01\/hawk-png-500-1.png\" \/>\n\t<meta property=\"og:image:width\" content=\"500\" \/>\n\t<meta property=\"og:image:height\" content=\"500\" \/>\n\t<meta property=\"og:image:type\" content=\"image\/png\" \/>\n<meta name=\"twitter:card\" content=\"summary_large_image\" \/>\n<meta name=\"twitter:label1\" content=\"Est. reading time\" \/>\n\t<meta name=\"twitter:data1\" content=\"1 minute\" \/>\n<script type=\"application\/ld+json\" class=\"yoast-schema-graph\">{\"@context\":\"https:\/\/schema.org\",\"@graph\":[{\"@type\":\"WebPage\",\"@id\":\"https:\/\/kolembar.de\/product\/outdoor-hawk-information-terminal\/\",\"url\":\"https:\/\/kolembar.de\/product\/outdoor-hawk-information-terminal\/\",\"name\":\"Information Terminal - Hawk - Kolembar Industrietechnik\",\"isPartOf\":{\"@id\":\"https:\/\/kolembar.de\/#website\"},\"datePublished\":\"2022-01-18T23:25:52+00:00\",\"dateModified\":\"2022-02-15T22:00:21+00:00\",\"description\":\"Er ist bestens geeignet f\u00fcr Anwendungen in \u00f6ffentlichen Informationssystemen (Information Terminal), als Terminal f\u00fcr Touristen ...\",\"breadcrumb\":{\"@id\":\"https:\/\/kolembar.de\/product\/outdoor-hawk-information-terminal\/#breadcrumb\"},\"inLanguage\":\"en-US\",\"potentialAction\":[{\"@type\":\"ReadAction\",\"target\":[\"https:\/\/kolembar.de\/product\/outdoor-hawk-information-terminal\/\"]}]},{\"@type\":\"BreadcrumbList\",\"@id\":\"https:\/\/kolembar.de\/product\/outdoor-hawk-information-terminal\/#breadcrumb\",\"itemListElement\":[{\"@type\":\"ListItem\",\"position\":1,\"name\":\"Startseit\",\"item\":\"https:\/\/kolembar.de\/\"},{\"@type\":\"ListItem\",\"position\":2,\"name\":\"Shop\",\"item\":\"http:\/\/kolembar.de\/shop\/\"},{\"@type\":\"ListItem\",\"position\":3,\"name\":\"Kiosksysteme\",\"item\":\"http:\/\/kolembar.de\/category\/kiosksysteme\/\"},{\"@type\":\"ListItem\",\"position\":4,\"name\":\"Outdoor Kiosksysteme\",\"item\":\"https:\/\/kolembar.de\/category\/kiosksysteme\/outdoor-kiosksysteme\/\"},{\"@type\":\"ListItem\",\"position\":5,\"name\":\"Hawk\"}]},{\"@type\":\"WebSite\",\"@id\":\"https:\/\/kolembar.de\/#website\",\"url\":\"https:\/\/kolembar.de\/\",\"name\":\"Kolembar Industrietechnik\",\"description\":\"Kolembar Industrietechnik ist Ihr Spezialist rund um das Thema Monitore und Kiosksysteme. Seit mehr als 20 Jahren beliefern wir unsere Kunden aus Handel und Industrie mit Standard-L\u00f6sungen, sowie auf Kundenwunsch gefertigten Systemen rund um die Themen Touchscreens, Schutzscheiben, Kiosksysteme und Industriemonitoren.\",\"publisher\":{\"@id\":\"https:\/\/kolembar.de\/#organization\"},\"potentialAction\":[{\"@type\":\"SearchAction\",\"target\":{\"@type\":\"EntryPoint\",\"urlTemplate\":\"https:\/\/kolembar.de\/?s={search_term_string}\"},\"query-input\":\"required name=search_term_string\"}],\"inLanguage\":\"en-US\"},{\"@type\":\"Organization\",\"@id\":\"https:\/\/kolembar.de\/#organization\",\"name\":\"Kolembar Industrietechnik\",\"url\":\"https:\/\/kolembar.de\/\",\"logo\":{\"@type\":\"ImageObject\",\"inLanguage\":\"en-US\",\"@id\":\"https:\/\/kolembar.de\/#\/schema\/logo\/image\/\",\"url\":\"https:\/\/kolembar.de\/wp-content\/uploads\/2021\/06\/logo.png\",\"contentUrl\":\"https:\/\/kolembar.de\/wp-content\/uploads\/2021\/06\/logo.png\",\"width\":311,\"height\":61,\"caption\":\"Kolembar Industrietechnik\"},\"image\":{\"@id\":\"https:\/\/kolembar.de\/#\/schema\/logo\/image\/\"}}]}<\/script>\n<!-- \/ Yoast SEO plugin. -->","yoast_head_json":{"title":"Information Terminal - Hawk - Kolembar Industrietechnik","description":"Er ist bestens geeignet f\u00fcr Anwendungen in \u00f6ffentlichen Informationssystemen (Information Terminal), als Terminal f\u00fcr Touristen ...","robots":{"index":"index","follow":"follow","max-snippet":"max-snippet:-1","max-image-preview":"max-image-preview:large","max-video-preview":"max-video-preview:-1"},"canonical":"https:\/\/kolembar.de\/en\/product\/outdoor-hawk-information-terminal\/","og_locale":"en_US","og_type":"article","og_title":"Information Terminal - Hawk - Kolembar Industrietechnik","og_description":"Er ist bestens geeignet f\u00fcr Anwendungen in \u00f6ffentlichen Informationssystemen (Information Terminal), als Terminal f\u00fcr Touristen ...","og_url":"https:\/\/kolembar.de\/en\/product\/outdoor-hawk-information-terminal\/","og_site_name":"Kolembar Industrietechnik","article_modified_time":"2022-02-15T22:00:21+00:00","og_image":[{"width":500,"height":500,"url":"https:\/\/kolembar.de\/wp-content\/uploads\/2022\/01\/hawk-png-500-1.png","type":"image\/png"}],"twitter_card":"summary_large_image","twitter_misc":{"Est. reading time":"1 minute"},"schema":{"@context":"https:\/\/schema.org","@graph":[{"@type":"WebPage","@id":"https:\/\/kolembar.de\/product\/outdoor-hawk-information-terminal\/","url":"https:\/\/kolembar.de\/product\/outdoor-hawk-information-terminal\/","name":"Information Terminal - Hawk - Kolembar Industrietechnik","isPartOf":{"@id":"https:\/\/kolembar.de\/#website"},"datePublished":"2022-01-18T23:25:52+00:00","dateModified":"2022-02-15T22:00:21+00:00","description":"Er ist bestens geeignet f\u00fcr Anwendungen in \u00f6ffentlichen Informationssystemen (Information Terminal), als Terminal f\u00fcr Touristen ...","breadcrumb":{"@id":"https:\/\/kolembar.de\/product\/outdoor-hawk-information-terminal\/#breadcrumb"},"inLanguage":"en-US","potentialAction":[{"@type":"ReadAction","target":["https:\/\/kolembar.de\/product\/outdoor-hawk-information-terminal\/"]}]},{"@type":"BreadcrumbList","@id":"https:\/\/kolembar.de\/product\/outdoor-hawk-information-terminal\/#breadcrumb","itemListElement":[{"@type":"ListItem","position":1,"name":"Startseit","item":"https:\/\/kolembar.de\/"},{"@type":"ListItem","position":2,"name":"Shop","item":"http:\/\/kolembar.de\/shop\/"},{"@type":"ListItem","position":3,"name":"Kiosksysteme","item":"http:\/\/kolembar.de\/category\/kiosksysteme\/"},{"@type":"ListItem","position":4,"name":"Outdoor Kiosksysteme","item":"https:\/\/kolembar.de\/category\/kiosksysteme\/outdoor-kiosksysteme\/"},{"@type":"ListItem","position":5,"name":"Hawk"}]},{"@type":"WebSite","@id":"https:\/\/kolembar.de\/#website","url":"https:\/\/kolembar.de\/","name":"Kolembar Industrietechnik","description":"Kolembar Industrietechnik ist Ihr Spezialist rund um das Thema Monitore und Kiosksysteme. Seit mehr als 20 Jahren beliefern wir unsere Kunden aus Handel und Industrie mit Standard-L\u00f6sungen, sowie auf Kundenwunsch gefertigten Systemen rund um die Themen Touchscreens, Schutzscheiben, Kiosksysteme und Industriemonitoren.","publisher":{"@id":"https:\/\/kolembar.de\/#organization"},"potentialAction":[{"@type":"SearchAction","target":{"@type":"EntryPoint","urlTemplate":"https:\/\/kolembar.de\/?s={search_term_string}"},"query-input":"required name=search_term_string"}],"inLanguage":"en-US"},{"@type":"Organization","@id":"https:\/\/kolembar.de\/#organization","name":"Kolembar Industrietechnik","url":"https:\/\/kolembar.de\/","logo":{"@type":"ImageObject","inLanguage":"en-US","@id":"https:\/\/kolembar.de\/#\/schema\/logo\/image\/","url":"https:\/\/kolembar.de\/wp-content\/uploads\/2021\/06\/logo.png","contentUrl":"https:\/\/kolembar.de\/wp-content\/uploads\/2021\/06\/logo.png","width":311,"height":61,"caption":"Kolembar Industrietechnik"},"image":{"@id":"https:\/\/kolembar.de\/#\/schema\/logo\/image\/"}}]}},"_links":{"self":[{"href":"https:\/\/kolembar.de\/en\/wp-json\/wp\/v2\/product\/1144","targetHints":{"allow":["GET"]}}],"collection":[{"href":"https:\/\/kolembar.de\/en\/wp-json\/wp\/v2\/product"}],"about":[{"href":"https:\/\/kolembar.de\/en\/wp-json\/wp\/v2\/types\/product"}],"replies":[{"embeddable":true,"href":"https:\/\/kolembar.de\/en\/wp-json\/wp\/v2\/comments?post=1144"}],"wp:featuredmedia":[{"embeddable":true,"href":"https:\/\/kolembar.de\/en\/wp-json\/wp\/v2\/media\/1519"}],"wp:attachment":[{"href":"https:\/\/kolembar.de\/en\/wp-json\/wp\/v2\/media?parent=1144"}],"wp:term":[{"taxonomy":"product_cat","embeddable":true,"href":"https:\/\/kolembar.de\/en\/wp-json\/wp\/v2\/product_cat?post=1144"},{"taxonomy":"product_tag","embeddable":true,"href":"https:\/\/kolembar.de\/en\/wp-json\/wp\/v2\/product_tag?post=1144"}],"curies":[{"name":"wp","href":"https:\/\/api.w.org\/{rel}","templated":true}]}}