{"id":1147,"date":"2022-01-18T23:39:14","date_gmt":"2022-01-18T23:39:14","guid":{"rendered":"https:\/\/wp.kolembar.de\/?post_type=product&#038;p=1147"},"modified":"2022-02-15T21:56:57","modified_gmt":"2022-02-15T21:56:57","slug":"sparrow-kiosk","status":"publish","type":"product","link":"https:\/\/kolembar.de\/en\/product\/sparrow-kiosk\/","title":{"rendered":"Sparrow"},"content":{"rendered":"<p>The Sparrow kiosk is suitable for a number of detail and similar applications where a variety of peripherals are required but space is a limiting factor. The Sparrow is a compact, durable and easy to handle kiosk originally designed for wall mounted installation, but which can now be converted to free standing using the optional support leg conversion kits<\/p>\n<p><a id=\"catalog-de\" class=\"catalog-button\" href=\"\/wp-content\/uploads\/2022\/01\/DE_Sparrow_indoor.pdf\"> Produktkatalog ansehen <\/a><br \/>\n<a id=\"catalog-en\" class=\"catalog-button\" href=\"\/wp-content\/uploads\/2022\/01\/EN_Sparrow__indoor.pdf\"> View Product Catalog <\/a><\/p>\n<p><a href=\"#specification_hash\">See Specifications<\/a><\/p>","protected":false},"excerpt":{"rendered":"<p>Der Sparrow Kiosk ist bestens geeignet f\u00fcr Anwendungen im Retail-Bereich, wo in der Regel eine Vielzahl von Peripherieger\u00e4ten ben\u00f6tigt wird, gleichzeitig aber eine m\u00f6glichst raumsparende. Installation erfolgen soll. Der Sparrow ist kompakt, robust und leicht handhabbar. Er wurde urspr\u00fcnglich als Kiosk zur Wandmontage konzipiert, kann jetzt aber auch mithilfe des optional lieferbaren Stand-Fu\u00df Umbausatzes zu &hellip;<\/p>\n<p class=\"read-more\"> <a class=\"\" href=\"https:\/\/kolembar.de\/en\/product\/sparrow-kiosk\/\"> <span class=\"screen-reader-text\">Sparrow<\/span> Read More &raquo;<\/a><\/p>","protected":false},"featured_media":1653,"comment_status":"open","ping_status":"closed","template":"","meta":[],"product_cat":[48,32,25,51,33],"product_tag":[56],"class_list":["post-1147","product","type-product","status-publish","has-post-thumbnail","hentry","product_cat-indoor-kiosksisteme","product_cat-indoor-terminal","product_cat-kiosksysteme","product_cat-outdoor-kiosksysteme","product_cat-outdoor-terminal","product_tag-sparrow"],"yoast_head":"<!-- This site is optimized with the Yoast SEO plugin v21.1 - https:\/\/yoast.com\/wordpress\/plugins\/seo\/ -->\n<title>Kiosk Sparrow - Kolembar Industrietechnik<\/title>\n<meta name=\"description\" content=\"Der Sparrow Kiosk ist bestens geeignet f\u00fcr Anwendungen im Retail-Bereich, wo in der Regel eine Vielzahl von Peripherieger\u00e4ten ben\u00f6tigt wird\" \/>\n<meta name=\"robots\" content=\"index, follow, max-snippet:-1, max-image-preview:large, max-video-preview:-1\" \/>\n<link rel=\"canonical\" href=\"https:\/\/kolembar.de\/en\/product\/sparrow-kiosk\/\" \/>\n<meta property=\"og:locale\" content=\"en_US\" \/>\n<meta property=\"og:type\" content=\"article\" \/>\n<meta property=\"og:title\" content=\"Kiosk Sparrow - Kolembar Industrietechnik\" \/>\n<meta property=\"og:description\" content=\"Der Sparrow Kiosk ist bestens geeignet f\u00fcr Anwendungen im Retail-Bereich, wo in der Regel eine Vielzahl von Peripherieger\u00e4ten ben\u00f6tigt wird\" \/>\n<meta property=\"og:url\" content=\"https:\/\/kolembar.de\/en\/product\/sparrow-kiosk\/\" \/>\n<meta property=\"og:site_name\" content=\"Kolembar Industrietechnik\" \/>\n<meta property=\"article:modified_time\" content=\"2022-02-15T21:56:57+00:00\" \/>\n<meta property=\"og:image\" content=\"http:\/\/kolembar.de\/wp-content\/uploads\/2022\/01\/Sparrow-500.png\" \/>\n\t<meta property=\"og:image:width\" content=\"500\" \/>\n\t<meta property=\"og:image:height\" content=\"500\" \/>\n\t<meta property=\"og:image:type\" content=\"image\/png\" \/>\n<meta name=\"twitter:card\" content=\"summary_large_image\" \/>\n<script type=\"application\/ld+json\" class=\"yoast-schema-graph\">{\"@context\":\"https:\/\/schema.org\",\"@graph\":[{\"@type\":\"WebPage\",\"@id\":\"http:\/\/kolembar.de\/product\/sparrow-kiosk\/\",\"url\":\"http:\/\/kolembar.de\/product\/sparrow-kiosk\/\",\"name\":\"Kiosk Sparrow - Kolembar Industrietechnik\",\"isPartOf\":{\"@id\":\"https:\/\/kolembar.de\/#website\"},\"datePublished\":\"2022-01-18T23:39:14+00:00\",\"dateModified\":\"2022-02-15T21:56:57+00:00\",\"description\":\"Der Sparrow Kiosk ist bestens geeignet f\u00fcr Anwendungen im Retail-Bereich, wo in der Regel eine Vielzahl von Peripherieger\u00e4ten ben\u00f6tigt wird\",\"breadcrumb\":{\"@id\":\"http:\/\/kolembar.de\/product\/sparrow-kiosk\/#breadcrumb\"},\"inLanguage\":\"en-US\",\"potentialAction\":[{\"@type\":\"ReadAction\",\"target\":[\"http:\/\/kolembar.de\/product\/sparrow-kiosk\/\"]}]},{\"@type\":\"BreadcrumbList\",\"@id\":\"http:\/\/kolembar.de\/product\/sparrow-kiosk\/#breadcrumb\",\"itemListElement\":[{\"@type\":\"ListItem\",\"position\":1,\"name\":\"Startseit\",\"item\":\"https:\/\/kolembar.de\/\"},{\"@type\":\"ListItem\",\"position\":2,\"name\":\"Shop\",\"item\":\"http:\/\/kolembar.de\/shop\/\"},{\"@type\":\"ListItem\",\"position\":3,\"name\":\"Kiosksysteme\",\"item\":\"http:\/\/kolembar.de\/category\/kiosksysteme\/\"},{\"@type\":\"ListItem\",\"position\":4,\"name\":\"Indoor Kiosksysteme\",\"item\":\"http:\/\/kolembar.de\/category\/kiosksysteme\/indoor-kiosksisteme\/\"},{\"@type\":\"ListItem\",\"position\":5,\"name\":\"Sparrow\"}]},{\"@type\":\"WebSite\",\"@id\":\"https:\/\/kolembar.de\/#website\",\"url\":\"https:\/\/kolembar.de\/\",\"name\":\"Kolembar Industrietechnik\",\"description\":\"Kolembar Industrietechnik ist Ihr Spezialist rund um das Thema Monitore und Kiosksysteme. Seit mehr als 20 Jahren beliefern wir unsere Kunden aus Handel und Industrie mit Standard-L\u00f6sungen, sowie auf Kundenwunsch gefertigten Systemen rund um die Themen Touchscreens, Schutzscheiben, Kiosksysteme und Industriemonitoren.\",\"publisher\":{\"@id\":\"https:\/\/kolembar.de\/#organization\"},\"potentialAction\":[{\"@type\":\"SearchAction\",\"target\":{\"@type\":\"EntryPoint\",\"urlTemplate\":\"https:\/\/kolembar.de\/?s={search_term_string}\"},\"query-input\":\"required name=search_term_string\"}],\"inLanguage\":\"en-US\"},{\"@type\":\"Organization\",\"@id\":\"https:\/\/kolembar.de\/#organization\",\"name\":\"Kolembar Industrietechnik\",\"url\":\"https:\/\/kolembar.de\/\",\"logo\":{\"@type\":\"ImageObject\",\"inLanguage\":\"en-US\",\"@id\":\"https:\/\/kolembar.de\/#\/schema\/logo\/image\/\",\"url\":\"https:\/\/kolembar.de\/wp-content\/uploads\/2021\/06\/logo.png\",\"contentUrl\":\"https:\/\/kolembar.de\/wp-content\/uploads\/2021\/06\/logo.png\",\"width\":311,\"height\":61,\"caption\":\"Kolembar Industrietechnik\"},\"image\":{\"@id\":\"https:\/\/kolembar.de\/#\/schema\/logo\/image\/\"}}]}<\/script>\n<!-- \/ Yoast SEO plugin. -->","yoast_head_json":{"title":"Kiosk Sparrow - Kolembar Industrietechnik","description":"Der Sparrow Kiosk ist bestens geeignet f\u00fcr Anwendungen im Retail-Bereich, wo in der Regel eine Vielzahl von Peripherieger\u00e4ten ben\u00f6tigt wird","robots":{"index":"index","follow":"follow","max-snippet":"max-snippet:-1","max-image-preview":"max-image-preview:large","max-video-preview":"max-video-preview:-1"},"canonical":"https:\/\/kolembar.de\/en\/product\/sparrow-kiosk\/","og_locale":"en_US","og_type":"article","og_title":"Kiosk Sparrow - Kolembar Industrietechnik","og_description":"Der Sparrow Kiosk ist bestens geeignet f\u00fcr Anwendungen im Retail-Bereich, wo in der Regel eine Vielzahl von Peripherieger\u00e4ten ben\u00f6tigt wird","og_url":"https:\/\/kolembar.de\/en\/product\/sparrow-kiosk\/","og_site_name":"Kolembar Industrietechnik","article_modified_time":"2022-02-15T21:56:57+00:00","og_image":[{"width":500,"height":500,"url":"http:\/\/kolembar.de\/wp-content\/uploads\/2022\/01\/Sparrow-500.png","type":"image\/png"}],"twitter_card":"summary_large_image","schema":{"@context":"https:\/\/schema.org","@graph":[{"@type":"WebPage","@id":"http:\/\/kolembar.de\/product\/sparrow-kiosk\/","url":"http:\/\/kolembar.de\/product\/sparrow-kiosk\/","name":"Kiosk Sparrow - Kolembar Industrietechnik","isPartOf":{"@id":"https:\/\/kolembar.de\/#website"},"datePublished":"2022-01-18T23:39:14+00:00","dateModified":"2022-02-15T21:56:57+00:00","description":"Der Sparrow Kiosk ist bestens geeignet f\u00fcr Anwendungen im Retail-Bereich, wo in der Regel eine Vielzahl von Peripherieger\u00e4ten ben\u00f6tigt wird","breadcrumb":{"@id":"http:\/\/kolembar.de\/product\/sparrow-kiosk\/#breadcrumb"},"inLanguage":"en-US","potentialAction":[{"@type":"ReadAction","target":["http:\/\/kolembar.de\/product\/sparrow-kiosk\/"]}]},{"@type":"BreadcrumbList","@id":"http:\/\/kolembar.de\/product\/sparrow-kiosk\/#breadcrumb","itemListElement":[{"@type":"ListItem","position":1,"name":"Startseit","item":"https:\/\/kolembar.de\/"},{"@type":"ListItem","position":2,"name":"Shop","item":"http:\/\/kolembar.de\/shop\/"},{"@type":"ListItem","position":3,"name":"Kiosksysteme","item":"http:\/\/kolembar.de\/category\/kiosksysteme\/"},{"@type":"ListItem","position":4,"name":"Indoor Kiosksysteme","item":"http:\/\/kolembar.de\/category\/kiosksysteme\/indoor-kiosksisteme\/"},{"@type":"ListItem","position":5,"name":"Sparrow"}]},{"@type":"WebSite","@id":"https:\/\/kolembar.de\/#website","url":"https:\/\/kolembar.de\/","name":"Kolembar Industrietechnik","description":"Kolembar Industrietechnik ist Ihr Spezialist rund um das Thema Monitore und Kiosksysteme. Seit mehr als 20 Jahren beliefern wir unsere Kunden aus Handel und Industrie mit Standard-L\u00f6sungen, sowie auf Kundenwunsch gefertigten Systemen rund um die Themen Touchscreens, Schutzscheiben, Kiosksysteme und Industriemonitoren.","publisher":{"@id":"https:\/\/kolembar.de\/#organization"},"potentialAction":[{"@type":"SearchAction","target":{"@type":"EntryPoint","urlTemplate":"https:\/\/kolembar.de\/?s={search_term_string}"},"query-input":"required name=search_term_string"}],"inLanguage":"en-US"},{"@type":"Organization","@id":"https:\/\/kolembar.de\/#organization","name":"Kolembar Industrietechnik","url":"https:\/\/kolembar.de\/","logo":{"@type":"ImageObject","inLanguage":"en-US","@id":"https:\/\/kolembar.de\/#\/schema\/logo\/image\/","url":"https:\/\/kolembar.de\/wp-content\/uploads\/2021\/06\/logo.png","contentUrl":"https:\/\/kolembar.de\/wp-content\/uploads\/2021\/06\/logo.png","width":311,"height":61,"caption":"Kolembar Industrietechnik"},"image":{"@id":"https:\/\/kolembar.de\/#\/schema\/logo\/image\/"}}]}},"_links":{"self":[{"href":"https:\/\/kolembar.de\/en\/wp-json\/wp\/v2\/product\/1147","targetHints":{"allow":["GET"]}}],"collection":[{"href":"https:\/\/kolembar.de\/en\/wp-json\/wp\/v2\/product"}],"about":[{"href":"https:\/\/kolembar.de\/en\/wp-json\/wp\/v2\/types\/product"}],"replies":[{"embeddable":true,"href":"https:\/\/kolembar.de\/en\/wp-json\/wp\/v2\/comments?post=1147"}],"wp:featuredmedia":[{"embeddable":true,"href":"https:\/\/kolembar.de\/en\/wp-json\/wp\/v2\/media\/1653"}],"wp:attachment":[{"href":"https:\/\/kolembar.de\/en\/wp-json\/wp\/v2\/media?parent=1147"}],"wp:term":[{"taxonomy":"product_cat","embeddable":true,"href":"https:\/\/kolembar.de\/en\/wp-json\/wp\/v2\/product_cat?post=1147"},{"taxonomy":"product_tag","embeddable":true,"href":"https:\/\/kolembar.de\/en\/wp-json\/wp\/v2\/product_tag?post=1147"}],"curies":[{"name":"wp","href":"https:\/\/api.w.org\/{rel}","templated":true}]}}