{"id":485,"date":"2022-01-09T10:58:20","date_gmt":"2022-01-09T10:58:20","guid":{"rendered":"http:\/\/wp.kolembar.de\/?post_type=product&#038;p=485"},"modified":"2022-02-15T22:37:35","modified_gmt":"2022-02-15T22:37:35","slug":"swallow-ticketautomaten","status":"publish","type":"product","link":"https:\/\/kolembar.de\/en\/product\/swallow-ticketautomaten\/","title":{"rendered":"Swallow"},"content":{"rendered":"<p><strong>Table-Terminal in 19&#8243;, 22&#8243; und 32&#8243;<\/strong><\/p>\n<p>Kleine Abmessungen und attraktives Design bei gleichzeitiger gro\u00dfer mechanischer Stabilit\u00e4t erm\u00f6glichen den Einsatz des Ticketautomaten Kiosks Swallow in allen Indoor &#8211; Kioskanwendungen, bei denen die Darstellung der Inhalte auf einem tisch\u00e4hnlichen Ger\u00e4t gefragt ist. Typische Anwendungen sind z.B. in Museen und Ausstellungen, jedoch ist das System auch f\u00fcr viele andere Anwendungen geeignet. Durch seine idealen Abmessungen ist Swallow gleicherma\u00dfen f\u00fcr Rollstuhlfahrer und Fu\u00dfg\u00e4nger geeignet. Ausf\u00fchrung in allen RAL-Farben m\u00f6glich. Ticketautomaten<span data-story-id=\"story_0941dc5c3460fe776c87c717e369352b\" data-room-id=\"room_d02b666f4fb4828f69e68400de6c84e9\" data-timestamp=\"1644652159883\" data-text=\"ticket vending machine\" data-userid=\"1382586179132338176\" data-orgid=\"1382586179132338177\">.<\/span><\/p>\n<p>`<\/p>\n<p><a id=\"catalog-de\" class=\"catalog-button\" href=\"#\"> Produktkatalog ansehen <\/a><br \/>\n<a id=\"catalog-en\" class=\"catalog-button\" href=\"\/wp-content\/uploads\/2022\/01\/EN_Swallow_indoor.pdf\"> View Product Catalog <\/a><\/p>\n<p><a href=\"#specification_hash\">See Specifications<\/a><\/p>","protected":false},"excerpt":{"rendered":"<p>Table-Terminal in 19&#8243;, 22&#8243; und 32&#8243; Kleine Abmessungen und attraktives Design bei gleichzeitiger gro\u00dfer mechanischer Stabilit\u00e4t erm\u00f6glichen den Einsatz des Ticketautomaten Kiosks Swallow in allen Indoor &#8211; Kioskanwendungen, bei denen die Darstellung der Inhalte auf einem tisch\u00e4hnlichen Ger\u00e4t gefragt ist. Typische Anwendungen sind z.B. in Museen und Ausstellungen, jedoch ist das System auch f\u00fcr viele &hellip;<\/p>\n<p class=\"read-more\"> <a class=\"\" href=\"https:\/\/kolembar.de\/en\/product\/swallow-ticketautomaten\/\"> <span class=\"screen-reader-text\">Swallow<\/span> Read More &raquo;<\/a><\/p>","protected":false},"featured_media":1657,"comment_status":"open","ping_status":"closed","template":"","meta":[],"product_cat":[48,32,25],"product_tag":[55],"class_list":["post-485","product","type-product","status-publish","has-post-thumbnail","hentry","product_cat-indoor-kiosksisteme","product_cat-indoor-terminal","product_cat-kiosksysteme","product_tag-swallow"],"yoast_head":"<!-- This site is optimized with the Yoast SEO plugin v21.1 - https:\/\/yoast.com\/wordpress\/plugins\/seo\/ -->\n<title>Ticketautomaten -Swallow - Kolembar Industrietechnik<\/title>\n<meta name=\"description\" content=\"Kleine Abmessungen und attraktives Design bei gleichzeitiger gro\u00dfer mechanischer Stabilit\u00e4t erm\u00f6glichen den Einsatz des Ticketautomaten ...\" \/>\n<meta name=\"robots\" content=\"index, follow, max-snippet:-1, max-image-preview:large, max-video-preview:-1\" \/>\n<link rel=\"canonical\" href=\"https:\/\/kolembar.de\/en\/product\/swallow-ticketautomaten\/\" \/>\n<meta property=\"og:locale\" content=\"en_US\" \/>\n<meta property=\"og:type\" content=\"article\" \/>\n<meta property=\"og:title\" content=\"Ticketautomaten -Swallow - Kolembar Industrietechnik\" \/>\n<meta property=\"og:description\" content=\"Kleine Abmessungen und attraktives Design bei gleichzeitiger gro\u00dfer mechanischer Stabilit\u00e4t erm\u00f6glichen den Einsatz des Ticketautomaten ...\" \/>\n<meta property=\"og:url\" content=\"https:\/\/kolembar.de\/en\/product\/swallow-ticketautomaten\/\" \/>\n<meta property=\"og:site_name\" content=\"Kolembar Industrietechnik\" \/>\n<meta property=\"article:modified_time\" content=\"2022-02-15T22:37:35+00:00\" \/>\n<meta property=\"og:image\" content=\"http:\/\/kolembar.de\/wp-content\/uploads\/2022\/01\/Swallow-500.png\" \/>\n\t<meta property=\"og:image:width\" content=\"500\" \/>\n\t<meta property=\"og:image:height\" content=\"500\" \/>\n\t<meta property=\"og:image:type\" content=\"image\/png\" \/>\n<meta name=\"twitter:card\" content=\"summary_large_image\" \/>\n<meta name=\"twitter:label1\" content=\"Est. reading time\" \/>\n\t<meta name=\"twitter:data1\" content=\"1 minute\" \/>\n<script type=\"application\/ld+json\" class=\"yoast-schema-graph\">{\"@context\":\"https:\/\/schema.org\",\"@graph\":[{\"@type\":\"WebPage\",\"@id\":\"http:\/\/kolembar.de\/product\/swallow-ticketautomaten\/\",\"url\":\"http:\/\/kolembar.de\/product\/swallow-ticketautomaten\/\",\"name\":\"Ticketautomaten -Swallow - Kolembar Industrietechnik\",\"isPartOf\":{\"@id\":\"https:\/\/kolembar.de\/#website\"},\"datePublished\":\"2022-01-09T10:58:20+00:00\",\"dateModified\":\"2022-02-15T22:37:35+00:00\",\"description\":\"Kleine Abmessungen und attraktives Design bei gleichzeitiger gro\u00dfer mechanischer Stabilit\u00e4t erm\u00f6glichen den Einsatz des Ticketautomaten ...\",\"breadcrumb\":{\"@id\":\"http:\/\/kolembar.de\/product\/swallow-ticketautomaten\/#breadcrumb\"},\"inLanguage\":\"en-US\",\"potentialAction\":[{\"@type\":\"ReadAction\",\"target\":[\"http:\/\/kolembar.de\/product\/swallow-ticketautomaten\/\"]}]},{\"@type\":\"BreadcrumbList\",\"@id\":\"http:\/\/kolembar.de\/product\/swallow-ticketautomaten\/#breadcrumb\",\"itemListElement\":[{\"@type\":\"ListItem\",\"position\":1,\"name\":\"Startseit\",\"item\":\"https:\/\/kolembar.de\/\"},{\"@type\":\"ListItem\",\"position\":2,\"name\":\"Shop\",\"item\":\"http:\/\/kolembar.de\/shop\/\"},{\"@type\":\"ListItem\",\"position\":3,\"name\":\"Kiosksysteme\",\"item\":\"http:\/\/kolembar.de\/category\/kiosksysteme\/\"},{\"@type\":\"ListItem\",\"position\":4,\"name\":\"Indoor Kiosksysteme\",\"item\":\"http:\/\/kolembar.de\/category\/kiosksysteme\/indoor-kiosksisteme\/\"},{\"@type\":\"ListItem\",\"position\":5,\"name\":\"Swallow\"}]},{\"@type\":\"WebSite\",\"@id\":\"https:\/\/kolembar.de\/#website\",\"url\":\"https:\/\/kolembar.de\/\",\"name\":\"Kolembar Industrietechnik\",\"description\":\"Kolembar Industrietechnik ist Ihr Spezialist rund um das Thema Monitore und Kiosksysteme. Seit mehr als 20 Jahren beliefern wir unsere Kunden aus Handel und Industrie mit Standard-L\u00f6sungen, sowie auf Kundenwunsch gefertigten Systemen rund um die Themen Touchscreens, Schutzscheiben, Kiosksysteme und Industriemonitoren.\",\"publisher\":{\"@id\":\"https:\/\/kolembar.de\/#organization\"},\"potentialAction\":[{\"@type\":\"SearchAction\",\"target\":{\"@type\":\"EntryPoint\",\"urlTemplate\":\"https:\/\/kolembar.de\/?s={search_term_string}\"},\"query-input\":\"required name=search_term_string\"}],\"inLanguage\":\"en-US\"},{\"@type\":\"Organization\",\"@id\":\"https:\/\/kolembar.de\/#organization\",\"name\":\"Kolembar Industrietechnik\",\"url\":\"https:\/\/kolembar.de\/\",\"logo\":{\"@type\":\"ImageObject\",\"inLanguage\":\"en-US\",\"@id\":\"https:\/\/kolembar.de\/#\/schema\/logo\/image\/\",\"url\":\"https:\/\/kolembar.de\/wp-content\/uploads\/2021\/06\/logo.png\",\"contentUrl\":\"https:\/\/kolembar.de\/wp-content\/uploads\/2021\/06\/logo.png\",\"width\":311,\"height\":61,\"caption\":\"Kolembar Industrietechnik\"},\"image\":{\"@id\":\"https:\/\/kolembar.de\/#\/schema\/logo\/image\/\"}}]}<\/script>\n<!-- \/ Yoast SEO plugin. -->","yoast_head_json":{"title":"Ticketautomaten -Swallow - Kolembar Industrietechnik","description":"Kleine Abmessungen und attraktives Design bei gleichzeitiger gro\u00dfer mechanischer Stabilit\u00e4t erm\u00f6glichen den Einsatz des Ticketautomaten ...","robots":{"index":"index","follow":"follow","max-snippet":"max-snippet:-1","max-image-preview":"max-image-preview:large","max-video-preview":"max-video-preview:-1"},"canonical":"https:\/\/kolembar.de\/en\/product\/swallow-ticketautomaten\/","og_locale":"en_US","og_type":"article","og_title":"Ticketautomaten -Swallow - Kolembar Industrietechnik","og_description":"Kleine Abmessungen und attraktives Design bei gleichzeitiger gro\u00dfer mechanischer Stabilit\u00e4t erm\u00f6glichen den Einsatz des Ticketautomaten ...","og_url":"https:\/\/kolembar.de\/en\/product\/swallow-ticketautomaten\/","og_site_name":"Kolembar Industrietechnik","article_modified_time":"2022-02-15T22:37:35+00:00","og_image":[{"width":500,"height":500,"url":"http:\/\/kolembar.de\/wp-content\/uploads\/2022\/01\/Swallow-500.png","type":"image\/png"}],"twitter_card":"summary_large_image","twitter_misc":{"Est. reading time":"1 minute"},"schema":{"@context":"https:\/\/schema.org","@graph":[{"@type":"WebPage","@id":"http:\/\/kolembar.de\/product\/swallow-ticketautomaten\/","url":"http:\/\/kolembar.de\/product\/swallow-ticketautomaten\/","name":"Ticketautomaten -Swallow - Kolembar Industrietechnik","isPartOf":{"@id":"https:\/\/kolembar.de\/#website"},"datePublished":"2022-01-09T10:58:20+00:00","dateModified":"2022-02-15T22:37:35+00:00","description":"Kleine Abmessungen und attraktives Design bei gleichzeitiger gro\u00dfer mechanischer Stabilit\u00e4t erm\u00f6glichen den Einsatz des Ticketautomaten ...","breadcrumb":{"@id":"http:\/\/kolembar.de\/product\/swallow-ticketautomaten\/#breadcrumb"},"inLanguage":"en-US","potentialAction":[{"@type":"ReadAction","target":["http:\/\/kolembar.de\/product\/swallow-ticketautomaten\/"]}]},{"@type":"BreadcrumbList","@id":"http:\/\/kolembar.de\/product\/swallow-ticketautomaten\/#breadcrumb","itemListElement":[{"@type":"ListItem","position":1,"name":"Startseit","item":"https:\/\/kolembar.de\/"},{"@type":"ListItem","position":2,"name":"Shop","item":"http:\/\/kolembar.de\/shop\/"},{"@type":"ListItem","position":3,"name":"Kiosksysteme","item":"http:\/\/kolembar.de\/category\/kiosksysteme\/"},{"@type":"ListItem","position":4,"name":"Indoor Kiosksysteme","item":"http:\/\/kolembar.de\/category\/kiosksysteme\/indoor-kiosksisteme\/"},{"@type":"ListItem","position":5,"name":"Swallow"}]},{"@type":"WebSite","@id":"https:\/\/kolembar.de\/#website","url":"https:\/\/kolembar.de\/","name":"Kolembar Industrietechnik","description":"Kolembar Industrietechnik ist Ihr Spezialist rund um das Thema Monitore und Kiosksysteme. Seit mehr als 20 Jahren beliefern wir unsere Kunden aus Handel und Industrie mit Standard-L\u00f6sungen, sowie auf Kundenwunsch gefertigten Systemen rund um die Themen Touchscreens, Schutzscheiben, Kiosksysteme und Industriemonitoren.","publisher":{"@id":"https:\/\/kolembar.de\/#organization"},"potentialAction":[{"@type":"SearchAction","target":{"@type":"EntryPoint","urlTemplate":"https:\/\/kolembar.de\/?s={search_term_string}"},"query-input":"required name=search_term_string"}],"inLanguage":"en-US"},{"@type":"Organization","@id":"https:\/\/kolembar.de\/#organization","name":"Kolembar Industrietechnik","url":"https:\/\/kolembar.de\/","logo":{"@type":"ImageObject","inLanguage":"en-US","@id":"https:\/\/kolembar.de\/#\/schema\/logo\/image\/","url":"https:\/\/kolembar.de\/wp-content\/uploads\/2021\/06\/logo.png","contentUrl":"https:\/\/kolembar.de\/wp-content\/uploads\/2021\/06\/logo.png","width":311,"height":61,"caption":"Kolembar Industrietechnik"},"image":{"@id":"https:\/\/kolembar.de\/#\/schema\/logo\/image\/"}}]}},"_links":{"self":[{"href":"https:\/\/kolembar.de\/en\/wp-json\/wp\/v2\/product\/485","targetHints":{"allow":["GET"]}}],"collection":[{"href":"https:\/\/kolembar.de\/en\/wp-json\/wp\/v2\/product"}],"about":[{"href":"https:\/\/kolembar.de\/en\/wp-json\/wp\/v2\/types\/product"}],"replies":[{"embeddable":true,"href":"https:\/\/kolembar.de\/en\/wp-json\/wp\/v2\/comments?post=485"}],"wp:featuredmedia":[{"embeddable":true,"href":"https:\/\/kolembar.de\/en\/wp-json\/wp\/v2\/media\/1657"}],"wp:attachment":[{"href":"https:\/\/kolembar.de\/en\/wp-json\/wp\/v2\/media?parent=485"}],"wp:term":[{"taxonomy":"product_cat","embeddable":true,"href":"https:\/\/kolembar.de\/en\/wp-json\/wp\/v2\/product_cat?post=485"},{"taxonomy":"product_tag","embeddable":true,"href":"https:\/\/kolembar.de\/en\/wp-json\/wp\/v2\/product_tag?post=485"}],"curies":[{"name":"wp","href":"https:\/\/api.w.org\/{rel}","templated":true}]}}